{"id":3268,"date":"2025-04-10T08:46:38","date_gmt":"2025-04-10T08:46:38","guid":{"rendered":"https:\/\/www.preprod.antilopevan.be\/?page_id=3268"},"modified":"2025-06-03T14:25:52","modified_gmt":"2025-06-03T14:25:52","slug":"partagez-vos-voyages","status":"publish","type":"page","link":"https:\/\/www.antilopevan.be\/fr\/partagez-vos-voyages\/","title":{"rendered":"Partagez vos voyages"},"content":{"rendered":"\t\t<div data-elementor-type=\"wp-page\" data-elementor-id=\"3268\" class=\"elementor elementor-3268 elementor-165\" data-elementor-post-type=\"page\">\n\t\t\t\t<div class=\"elementor-element elementor-element-27fba3d e-flex e-con-boxed e-con e-parent\" data-id=\"27fba3d\" data-element_type=\"container\">\n\t\t\t\t\t<div class=\"e-con-inner\">\n\t\t\t\t<div class=\"elementor-element elementor-element-7551bd7 elementor-widget elementor-widget-breadcrumbs\" data-id=\"7551bd7\" data-element_type=\"widget\" data-widget_type=\"breadcrumbs.default\">\n\t\t\t\t<div class=\"elementor-widget-container\">\n\t\t\t\t\t<p id=\"breadcrumbs\"><span><span><a href=\"https:\/\/www.antilopevan.be\/fr\/\">Accueil<\/a><\/span><\/span><\/p>\t\t\t\t<\/div>\n\t\t\t\t<\/div>\n\t\t\t\t\t<\/div>\n\t\t\t\t<\/div>\n\t\t<div class=\"elementor-element elementor-element-f400dfc e-flex e-con-boxed e-con e-parent\" data-id=\"f400dfc\" data-element_type=\"container\">\n\t\t\t\t\t<div class=\"e-con-inner\">\n\t\t\t\t<div class=\"elementor-element elementor-element-17a5db0 elementor-widget elementor-widget-heading\" data-id=\"17a5db0\" data-element_type=\"widget\" data-widget_type=\"heading.default\">\n\t\t\t\t<div class=\"elementor-widget-container\">\n\t\t\t\t\t<h1 class=\"elementor-heading-title elementor-size-default\">Partagez avec nous vos photos &amp;\nvid\u00e9os de vacances<\/h1>\t\t\t\t<\/div>\n\t\t\t\t<\/div>\n\t\t\t\t<div class=\"elementor-element elementor-element-f249ec2 elementor-widget-divider--view-line elementor-widget elementor-widget-divider\" data-id=\"f249ec2\" data-element_type=\"widget\" data-widget_type=\"divider.default\">\n\t\t\t\t<div class=\"elementor-widget-container\">\n\t\t\t\t\t\t\t<div class=\"elementor-divider\">\n\t\t\t<span class=\"elementor-divider-separator\">\n\t\t\t\t\t\t<\/span>\n\t\t<\/div>\n\t\t\t\t\t\t<\/div>\n\t\t\t\t<\/div>\n\t\t\t\t<div class=\"elementor-element elementor-element-c2ee5a4 elementor-widget elementor-widget-text-editor\" data-id=\"c2ee5a4\" data-element_type=\"widget\" data-widget_type=\"text-editor.default\">\n\t\t\t\t<div class=\"elementor-widget-container\">\n\t\t\t\t\t\t\t\t\tSur la route des vacances, partagez-nous votre exp\u00e9rience !<br>\n\u00c0 la mer, \u00e0 la campagne, \u00e0 la montagne, au bord d\u2019une rivi\u00e8re, d\u2019un lac, dans votre jardin, o\u00f9 que vous soyez, <br>toutes les occasions sont bonnes pour immortaliser l\u2019instant !<br>\nEnvoyez-nous vos photos et vid\u00e9os, et revivez vos plus beaux moments sur nos r\u00e9seaux sociaux.\t\t\t\t\t\t\t\t<\/div>\n\t\t\t\t<\/div>\n\t\t\t\t\t<\/div>\n\t\t\t\t<\/div>\n\t\t<div class=\"elementor-element elementor-element-0ee72b8 e-flex e-con-boxed e-con e-parent\" data-id=\"0ee72b8\" data-element_type=\"container\" data-settings=\"{&quot;background_background&quot;:&quot;classic&quot;}\">\n\t\t\t\t\t<div class=\"e-con-inner\">\n\t\t<div class=\"elementor-element elementor-element-782926f e-con-full e-flex e-con e-child\" data-id=\"782926f\" data-element_type=\"container\" data-settings=\"{&quot;background_background&quot;:&quot;classic&quot;}\">\n\t\t<div class=\"elementor-element elementor-element-d17d0b4 e-flex e-con-boxed e-con e-child\" data-id=\"d17d0b4\" data-element_type=\"container\" data-settings=\"{&quot;background_background&quot;:&quot;classic&quot;}\">\n\t\t\t\t\t<div class=\"e-con-inner\">\n\t\t<div class=\"elementor-element elementor-element-8352805 e-con-full e-flex e-con e-child\" data-id=\"8352805\" data-element_type=\"container\">\n\t\t\t\t<div class=\"elementor-element elementor-element-d7b63d0 elementor-widget elementor-widget-heading\" data-id=\"d7b63d0\" data-element_type=\"widget\" data-widget_type=\"heading.default\">\n\t\t\t\t<div class=\"elementor-widget-container\">\n\t\t\t\t\t<p class=\"elementor-heading-title elementor-size-default\">Via le formulaire <\/p>\t\t\t\t<\/div>\n\t\t\t\t<\/div>\n\t\t\t\t<div class=\"elementor-element elementor-element-3279b0c elementor-widget elementor-widget-text-editor\" data-id=\"3279b0c\" data-element_type=\"widget\" data-widget_type=\"text-editor.default\">\n\t\t\t\t<div class=\"elementor-widget-container\">\n\t\t\t\t\t\t\t\t\t<ul>\n \t<li>Prenez une photo de votre van, mis en valeur de fa\u00e7on ludique ou devant un beau paysage.<\/li>\n \t<li><b>Remplissez le formulaire<\/b>.<\/li>\n<\/ul>\t\t\t\t\t\t\t\t<\/div>\n\t\t\t\t<\/div>\n\t\t\t\t<\/div>\n\t\t\t\t<div class=\"elementor-element elementor-element-abc6ba9 elementor-widget-divider--view-line elementor-widget elementor-widget-divider\" data-id=\"abc6ba9\" data-element_type=\"widget\" data-widget_type=\"divider.default\">\n\t\t\t\t<div class=\"elementor-widget-container\">\n\t\t\t\t\t\t\t<div class=\"elementor-divider\">\n\t\t\t<span class=\"elementor-divider-separator\">\n\t\t\t\t\t\t<\/span>\n\t\t<\/div>\n\t\t\t\t\t\t<\/div>\n\t\t\t\t<\/div>\n\t\t<div class=\"elementor-element elementor-element-df681a8 e-con-full e-flex e-con e-child\" data-id=\"df681a8\" data-element_type=\"container\">\n\t\t\t\t<div class=\"elementor-element elementor-element-0dd71cf elementor-widget elementor-widget-heading\" data-id=\"0dd71cf\" data-element_type=\"widget\" data-widget_type=\"heading.default\">\n\t\t\t\t<div class=\"elementor-widget-container\">\n\t\t\t\t\t<p class=\"elementor-heading-title elementor-size-default\">Directement sur instagram<\/p>\t\t\t\t<\/div>\n\t\t\t\t<\/div>\n\t\t\t\t<div class=\"elementor-element elementor-element-aaa59ef elementor-widget elementor-widget-text-editor\" data-id=\"aaa59ef\" data-element_type=\"widget\" data-widget_type=\"text-editor.default\">\n\t\t\t\t<div class=\"elementor-widget-container\">\n\t\t\t\t\t\t\t\t\t<ul>\n \t<li>Postez la photo sur votre page<b> Instagram<\/b> ou en story et <b>tagguez-nous avec @antilopevan<\/b>.<\/li>\n<\/ul>\t\t\t\t\t\t\t\t<\/div>\n\t\t\t\t<\/div>\n\t\t\t\t<div class=\"elementor-element elementor-element-0823315 elementor-widget-divider--view-line elementor-widget elementor-widget-divider\" data-id=\"0823315\" data-element_type=\"widget\" data-widget_type=\"divider.default\">\n\t\t\t\t<div class=\"elementor-widget-container\">\n\t\t\t\t\t\t\t<div class=\"elementor-divider\">\n\t\t\t<span class=\"elementor-divider-separator\">\n\t\t\t\t\t\t<\/span>\n\t\t<\/div>\n\t\t\t\t\t\t<\/div>\n\t\t\t\t<\/div>\n\t\t\t\t<\/div>\n\t\t<div class=\"elementor-element elementor-element-b2a8722 e-con-full e-flex e-con e-child\" data-id=\"b2a8722\" data-element_type=\"container\">\n\t\t\t\t<div class=\"elementor-element elementor-element-6816f9a elementor-widget elementor-widget-heading\" data-id=\"6816f9a\" data-element_type=\"widget\" data-widget_type=\"heading.default\">\n\t\t\t\t<div class=\"elementor-widget-container\">\n\t\t\t\t\t<p class=\"elementor-heading-title elementor-size-default\">Directement sur Facebook<\/p>\t\t\t\t<\/div>\n\t\t\t\t<\/div>\n\t\t\t\t<div class=\"elementor-element elementor-element-9c4a228 elementor-widget elementor-widget-text-editor\" data-id=\"9c4a228\" data-element_type=\"widget\" data-widget_type=\"text-editor.default\">\n\t\t\t\t<div class=\"elementor-widget-container\">\n\t\t\t\t\t\t\t\t\t<ul>\n \t<li>Postez la photo sur votre page <b>Facebook<\/b> et <b>tagguez-nous avec @antilopevan<\/b>.<\/li>\n<\/ul>\t\t\t\t\t\t\t\t<\/div>\n\t\t\t\t<\/div>\n\t\t\t\t<\/div>\n\t\t\t\t\t<\/div>\n\t\t\t\t<\/div>\n\t\t\t\t<\/div>\n\t\t<div class=\"elementor-element elementor-element-81cd0ee e-con-full e-flex e-con e-child\" data-id=\"81cd0ee\" data-element_type=\"container\" data-settings=\"{&quot;background_background&quot;:&quot;classic&quot;}\">\n\t\t\t\t<div class=\"elementor-element elementor-element-d71ec99 elementor-widget elementor-widget-heading\" data-id=\"d71ec99\" data-element_type=\"widget\" data-widget_type=\"heading.default\">\n\t\t\t\t<div class=\"elementor-widget-container\">\n\t\t\t\t\t<p class=\"elementor-heading-title elementor-size-large\">Formulaire <\/p>\t\t\t\t<\/div>\n\t\t\t\t<\/div>\n\t\t\t\t<div class=\"elementor-element elementor-element-f7e1394 elementor-button-align-center elementor-widget elementor-widget-form\" data-id=\"f7e1394\" data-element_type=\"widget\" data-settings=\"{&quot;step_next_label&quot;:&quot;Suivant&quot;,&quot;step_previous_label&quot;:&quot;Pr\\u00e9c\\u00e9dent&quot;,&quot;step_type&quot;:&quot;number_text&quot;,&quot;step_icon_shape&quot;:&quot;circle&quot;}\" data-widget_type=\"form.default\">\n\t\t\t\t<div class=\"elementor-widget-container\">\n\t\t\t\t\t\t\t<form class=\"elementor-form\" method=\"post\" name=\"Photos &amp; vid\u00e9os (be\/fr)\" aria-label=\"Photos &amp; vid\u00e9os (be\/fr)\">\n\t\t\t<input type=\"hidden\" name=\"post_id\" value=\"3268\"\/>\n\t\t\t<input type=\"hidden\" name=\"form_id\" value=\"f7e1394\"\/>\n\t\t\t<input type=\"hidden\" name=\"referer_title\" value=\"Antilope VAN\" \/>\n\n\t\t\t\n\t\t\t<div class=\"elementor-form-fields-wrapper elementor-labels-\">\n\t\t\t\t\t\t\t\t<div class=\"elementor-field-type-text elementor-field-group elementor-column elementor-field-group-nom elementor-col-50 elementor-field-required\">\n\t\t\t\t\t\t\t\t\t\t\t\t<label for=\"form-field-nom\" class=\"elementor-field-label elementor-screen-only\">\n\t\t\t\t\t\t\t\tNom\t\t\t\t\t\t\t<\/label>\n\t\t\t\t\t\t\t\t\t\t\t\t\t\t<input size=\"1\" type=\"text\" name=\"form_fields[nom]\" id=\"form-field-nom\" class=\"elementor-field elementor-size-sm  elementor-field-textual\" placeholder=\"Nom*\" required=\"required\">\n\t\t\t\t\t\t\t\t\t\t\t<\/div>\n\t\t\t\t\t\t\t\t<div class=\"elementor-field-type-text elementor-field-group elementor-column elementor-field-group-prenom elementor-col-50 elementor-field-required\">\n\t\t\t\t\t\t\t\t\t\t\t\t<label for=\"form-field-prenom\" class=\"elementor-field-label elementor-screen-only\">\n\t\t\t\t\t\t\t\tPr\u00e9nom\t\t\t\t\t\t\t<\/label>\n\t\t\t\t\t\t\t\t\t\t\t\t\t\t<input size=\"1\" type=\"text\" name=\"form_fields[prenom]\" id=\"form-field-prenom\" class=\"elementor-field elementor-size-sm  elementor-field-textual\" placeholder=\"Pr\u00e9nom*\" required=\"required\">\n\t\t\t\t\t\t\t\t\t\t\t<\/div>\n\t\t\t\t\t\t\t\t<div class=\"elementor-field-type-email elementor-field-group elementor-column elementor-field-group-email elementor-col-50 elementor-field-required\">\n\t\t\t\t\t\t\t\t\t\t\t\t<label for=\"form-field-email\" class=\"elementor-field-label elementor-screen-only\">\n\t\t\t\t\t\t\t\tE-mail\t\t\t\t\t\t\t<\/label>\n\t\t\t\t\t\t\t\t\t\t\t\t\t\t<input size=\"1\" type=\"email\" name=\"form_fields[email]\" id=\"form-field-email\" class=\"elementor-field elementor-size-sm  elementor-field-textual\" placeholder=\"E-mail*\" required=\"required\">\n\t\t\t\t\t\t\t\t\t\t\t<\/div>\n\t\t\t\t\t\t\t\t<div class=\"elementor-field-type-text elementor-field-group elementor-column elementor-field-group-nomdedie elementor-col-50\">\n\t\t\t\t\t\t\t\t\t\t\t\t<label for=\"form-field-nomdedie\" class=\"elementor-field-label elementor-screen-only\">\n\t\t\t\t\t\t\t\t@Cr\u00e9dit\t\t\t\t\t\t\t<\/label>\n\t\t\t\t\t\t\t\t\t\t\t\t\t\t<input size=\"1\" type=\"text\" name=\"form_fields[nomdedie]\" id=\"form-field-nomdedie\" class=\"elementor-field elementor-size-sm  elementor-field-textual\" placeholder=\"Votre @ : Pour vous identifier sur nos r\u00e9seaux sociaux \">\n\t\t\t\t\t\t\t\t\t\t\t<\/div>\n\t\t\t\t\t\t\t\t<div class=\"elementor-field-type-upload elementor-field-group elementor-column elementor-field-group-telechargement elementor-col-100 elementor-field-required\">\n\t\t\t\t\t\t\t\t\t\t\t\t<label for=\"form-field-telechargement\" class=\"elementor-field-label elementor-screen-only\">\n\t\t\t\t\t\t\t\tVos plus belles photos & vid\u00e9os *\t\t\t\t\t\t\t<\/label>\n\t\t\t\t\t\t\t\t<input type=\"file\" name=\"form_fields[telechargement][]\" id=\"form-field-telechargement\" class=\"elementor-field elementor-size-sm  elementor-upload-field\" required=\"required\" multiple=\"multiple\" data-maxsize=\"128\" data-maxsize-message=\"This file exceeds the maximum allowed size.\">\n\n\t\t\t\t\t\t<\/div>\n\t\t\t\t\t\t\t\t<div class=\"elementor-field-type-text elementor-field-group elementor-column elementor-field-group-lieu elementor-col-50\">\n\t\t\t\t\t\t\t\t\t\t\t\t<label for=\"form-field-lieu\" class=\"elementor-field-label elementor-screen-only\">\n\t\t\t\t\t\t\t\tLieu de votre prise de vue\t\t\t\t\t\t\t<\/label>\n\t\t\t\t\t\t\t\t\t\t\t\t\t\t<input size=\"1\" type=\"text\" name=\"form_fields[lieu]\" id=\"form-field-lieu\" class=\"elementor-field elementor-size-sm  elementor-field-textual\" placeholder=\"Lieu \">\n\t\t\t\t\t\t\t\t\t\t\t<\/div>\n\t\t\t\t\t\t\t\t<div class=\"elementor-field-type-textarea elementor-field-group elementor-column elementor-field-group-message elementor-col-100\">\n\t\t\t\t\t\t\t\t\t\t\t\t<label for=\"form-field-message\" class=\"elementor-field-label elementor-screen-only\">\n\t\t\t\t\t\t\t\tMessage\t\t\t\t\t\t\t<\/label>\n\t\t\t\t\t\t<textarea class=\"elementor-field-textual elementor-field  elementor-size-sm\" name=\"form_fields[message]\" id=\"form-field-message\" rows=\"3\" placeholder=\"Message\"><\/textarea>\t\t\t\t<\/div>\n\t\t\t\t\t\t\t\t<div class=\"elementor-field-type-checkbox elementor-field-group elementor-column elementor-field-group-autorisation elementor-col-100\">\n\t\t\t\t\t<div class=\"elementor-field-subgroup  \"><span class=\"elementor-field-option\"><input type=\"checkbox\" value=\"J&#039;accepte les conditions ci-apr\u00e8s.\" id=\"form-field-autorisation-0\" name=\"form_fields[autorisation]\"> <label for=\"form-field-autorisation-0\">J'accepte les conditions ci-apr\u00e8s.<\/label><\/span><\/div>\t\t\t\t<\/div>\n\t\t\t\t\t\t\t\t<div class=\"elementor-field-group elementor-column elementor-field-type-submit elementor-col-100 e-form__buttons\">\n\t\t\t\t\t<button class=\"elementor-button elementor-size-sm\" type=\"submit\" id=\"contactphotos\">\n\t\t\t\t\t\t<span class=\"elementor-button-content-wrapper\">\n\t\t\t\t\t\t\t\t\t\t\t\t\t\t\t\t\t\t\t\t\t\t<span class=\"elementor-button-text\">Envoyer<\/span>\n\t\t\t\t\t\t\t\t\t\t\t\t\t<\/span>\n\t\t\t\t\t<\/button>\n\t\t\t\t<\/div>\n\t\t\t<\/div>\n\t\t<\/form>\n\t\t\t\t\t\t<\/div>\n\t\t\t\t<\/div>\n\t\t\t\t<\/div>\n\t\t\t\t\t<\/div>\n\t\t\t\t<\/div>\n\t\t<div class=\"elementor-element elementor-element-90fa741 e-flex e-con-boxed e-con e-parent\" data-id=\"90fa741\" data-element_type=\"container\">\n\t\t\t\t\t<div class=\"e-con-inner\">\n\t\t\t\t<div class=\"elementor-element elementor-element-7831ff0 elementor-widget elementor-widget-text-editor\" data-id=\"7831ff0\" data-element_type=\"widget\" data-widget_type=\"text-editor.default\">\n\t\t\t\t<div class=\"elementor-widget-container\">\n\t\t\t\t\t\t\t\t\t<p><span style=\"text-decoration: underline;\"><strong>En adressant vos photos et vid\u00e9os, vous reconnaissez :<\/strong><\/span><\/p><ul><li>Etre l\u2019auteur original de la photographie soumise.<\/li><li>Avoir 18 ans ou plus et \u00eatre comp\u00e9tent(e) \u00e0 signer ce formulaire.<\/li><li>Avoir lu et compris toutes les implications de cette autorisation (Lire la <a href=\"https:\/\/www.antilopevan.be\/fr\/politique-de-confidentialite\/\" rel=\"noopener\">Politique de Confidentialit\u00e9<\/a>).<\/li><li>C\u00e9der \u00e0 titre gratuit \u00e0 la soci\u00e9t\u00e9 AntilopeVAN, les droits de reproduction, de repr\u00e9sentation, d\u2019adaptation, d\u2019arrangement, de modification, d\u2019utilisation et d\u2019int\u00e9gration de ladite photographie ou vid\u00e9o.<\/li><li>Accepte que les images pourront \u00eatre exploit\u00e9es et utilis\u00e9es directement par la structure sous toute forme et tous supports, pour un territoire illimit\u00e9, sans limitation de dur\u00e9e, int\u00e9gralement ou par extraits et notamment : presse, livre, supports num\u00e9riques, exposition, publicit\u00e9, projection publique, concours, site internet, r\u00e9seaux sociaux et ce sans aucune contrepartie.<\/li><\/ul><p><br \/><strong>C&#8217;est simple, sympa et l&#8217;occasion de vous conna\u00eetre un peu plus.<\/strong><br \/>A vos smartphones !<\/p>\t\t\t\t\t\t\t\t<\/div>\n\t\t\t\t<\/div>\n\t\t\t\t\t<\/div>\n\t\t\t\t<\/div>\n\t\t\t\t<\/div>\n\t\t","protected":false},"excerpt":{"rendered":"<p>Partagez avec nous vos photos &amp; vid\u00e9os de vacances Sur la route des vacances, partagez-nous votre exp\u00e9rience ! \u00c0 la mer, \u00e0 la campagne, \u00e0 la montagne, au bord d\u2019une rivi\u00e8re, d\u2019un lac, dans votre jardin, o\u00f9 que vous soyez, toutes les occasions sont bonnes pour immortaliser l\u2019instant ! Envoyez-nous vos photos et vid\u00e9os, et [&hellip;]<\/p>\n","protected":false},"author":2,"featured_media":0,"parent":0,"menu_order":0,"comment_status":"closed","ping_status":"closed","template":"","meta":{"_glsr_average":0,"_glsr_ranking":0,"_glsr_reviews":0,"footnotes":""},"class_list":["post-3268","page","type-page","status-publish","hentry"],"yoast_head":"<!-- This site is optimized with the Yoast SEO plugin v26.3 - https:\/\/yoast.com\/wordpress\/plugins\/seo\/ -->\n<title>Partagez avec nous les Photos et Vid\u00e9os de vos road-trip | Antilope VAN<\/title>\n<meta name=\"description\" content=\"Partagez avec nous vos road-trip en van am\u00e9nag\u00e9 ! Envoyez-nous vos photos et vid\u00e9os et revivez vos plus beaux moments sur nos r\u00e9seaux sociaux.\" \/>\n<meta name=\"robots\" content=\"index, follow, max-snippet:-1, max-image-preview:large, max-video-preview:-1\" \/>\n<link rel=\"canonical\" href=\"https:\/\/www.antilopevan.be\/fr\/partagez-vos-voyages\/\" \/>\n<meta property=\"og:locale\" content=\"fr_FR\" \/>\n<meta property=\"og:type\" content=\"article\" \/>\n<meta property=\"og:title\" content=\"Partagez avec nous les Photos et Vid\u00e9os de vos road-trip | Antilope VAN\" \/>\n<meta property=\"og:description\" content=\"Partagez avec nous vos road-trip en van am\u00e9nag\u00e9 ! Envoyez-nous vos photos et vid\u00e9os et revivez vos plus beaux moments sur nos r\u00e9seaux sociaux.\" \/>\n<meta property=\"og:url\" content=\"https:\/\/www.antilopevan.be\/fr\/partagez-vos-voyages\/\" \/>\n<meta property=\"og:site_name\" content=\"Antilope VAN\" \/>\n<meta property=\"article:modified_time\" content=\"2025-06-03T14:25:52+00:00\" \/>\n<meta name=\"twitter:card\" content=\"summary_large_image\" \/>\n<meta name=\"twitter:label1\" content=\"Dur\u00e9e de lecture est.\" \/>\n\t<meta name=\"twitter:data1\" content=\"2 minutes\" \/>\n<script type=\"application\/ld+json\" class=\"yoast-schema-graph\">{\"@context\":\"https:\/\/schema.org\",\"@graph\":[{\"@type\":\"WebPage\",\"@id\":\"https:\/\/www.antilopevan.be\/fr\/partagez-vos-voyages\/\",\"url\":\"https:\/\/www.antilopevan.be\/fr\/partagez-vos-voyages\/\",\"name\":\"Partagez avec nous les Photos et Vid\u00e9os de vos road-trip | Antilope VAN\",\"isPartOf\":{\"@id\":\"https:\/\/www.antilopevan.be\/fr\/#website\"},\"datePublished\":\"2025-04-10T08:46:38+00:00\",\"dateModified\":\"2025-06-03T14:25:52+00:00\",\"description\":\"Partagez avec nous vos road-trip en van am\u00e9nag\u00e9 ! Envoyez-nous vos photos et vid\u00e9os et revivez vos plus beaux moments sur nos r\u00e9seaux sociaux.\",\"breadcrumb\":{\"@id\":\"https:\/\/www.antilopevan.be\/fr\/partagez-vos-voyages\/#breadcrumb\"},\"inLanguage\":\"fr-BE\",\"potentialAction\":[{\"@type\":\"ReadAction\",\"target\":[\"https:\/\/www.antilopevan.be\/fr\/partagez-vos-voyages\/\"]}]},{\"@type\":\"BreadcrumbList\",\"@id\":\"https:\/\/www.antilopevan.be\/fr\/partagez-vos-voyages\/#breadcrumb\",\"itemListElement\":[{\"@type\":\"ListItem\",\"position\":1,\"name\":\"Accueil\",\"item\":\"https:\/\/www.antilopevan.be\/fr\/\"},{\"@type\":\"ListItem\",\"position\":2,\"name\":\"Partagez vos voyages\"}]},{\"@type\":\"WebSite\",\"@id\":\"https:\/\/www.antilopevan.be\/fr\/#website\",\"url\":\"https:\/\/www.antilopevan.be\/fr\/\",\"name\":\"Antilope VAN\",\"description\":\"Le Van Breton 100% uitgerust\",\"publisher\":{\"@id\":\"https:\/\/www.antilopevan.be\/fr\/#organization\"},\"potentialAction\":[{\"@type\":\"SearchAction\",\"target\":{\"@type\":\"EntryPoint\",\"urlTemplate\":\"https:\/\/www.antilopevan.be\/fr\/?s={search_term_string}\"},\"query-input\":{\"@type\":\"PropertyValueSpecification\",\"valueRequired\":true,\"valueName\":\"search_term_string\"}}],\"inLanguage\":\"fr-BE\"},{\"@type\":\"Organization\",\"@id\":\"https:\/\/www.antilopevan.be\/fr\/#organization\",\"name\":\"Antilope VAN\",\"url\":\"https:\/\/www.antilopevan.be\/fr\/\",\"logo\":{\"@type\":\"ImageObject\",\"inLanguage\":\"fr-BE\",\"@id\":\"https:\/\/www.antilopevan.be\/fr\/#\/schema\/logo\/image\/\",\"url\":\"https:\/\/www.preprod.antilopevan.be\/wp-content\/uploads\/2025\/04\/logo-antilope-van-BE.svg\",\"contentUrl\":\"https:\/\/www.preprod.antilopevan.be\/wp-content\/uploads\/2025\/04\/logo-antilope-van-BE.svg\",\"width\":749,\"height\":219,\"caption\":\"Antilope VAN\"},\"image\":{\"@id\":\"https:\/\/www.antilopevan.be\/fr\/#\/schema\/logo\/image\/\"}}]}<\/script>\n<!-- \/ Yoast SEO plugin. -->","yoast_head_json":{"title":"Partagez avec nous les Photos et Vid\u00e9os de vos road-trip | Antilope VAN","description":"Partagez avec nous vos road-trip en van am\u00e9nag\u00e9 ! Envoyez-nous vos photos et vid\u00e9os et revivez vos plus beaux moments sur nos r\u00e9seaux sociaux.","robots":{"index":"index","follow":"follow","max-snippet":"max-snippet:-1","max-image-preview":"max-image-preview:large","max-video-preview":"max-video-preview:-1"},"canonical":"https:\/\/www.antilopevan.be\/fr\/partagez-vos-voyages\/","og_locale":"fr_FR","og_type":"article","og_title":"Partagez avec nous les Photos et Vid\u00e9os de vos road-trip | Antilope VAN","og_description":"Partagez avec nous vos road-trip en van am\u00e9nag\u00e9 ! Envoyez-nous vos photos et vid\u00e9os et revivez vos plus beaux moments sur nos r\u00e9seaux sociaux.","og_url":"https:\/\/www.antilopevan.be\/fr\/partagez-vos-voyages\/","og_site_name":"Antilope VAN","article_modified_time":"2025-06-03T14:25:52+00:00","twitter_card":"summary_large_image","twitter_misc":{"Dur\u00e9e de lecture est.":"2 minutes"},"schema":{"@context":"https:\/\/schema.org","@graph":[{"@type":"WebPage","@id":"https:\/\/www.antilopevan.be\/fr\/partagez-vos-voyages\/","url":"https:\/\/www.antilopevan.be\/fr\/partagez-vos-voyages\/","name":"Partagez avec nous les Photos et Vid\u00e9os de vos road-trip | Antilope VAN","isPartOf":{"@id":"https:\/\/www.antilopevan.be\/fr\/#website"},"datePublished":"2025-04-10T08:46:38+00:00","dateModified":"2025-06-03T14:25:52+00:00","description":"Partagez avec nous vos road-trip en van am\u00e9nag\u00e9 ! Envoyez-nous vos photos et vid\u00e9os et revivez vos plus beaux moments sur nos r\u00e9seaux sociaux.","breadcrumb":{"@id":"https:\/\/www.antilopevan.be\/fr\/partagez-vos-voyages\/#breadcrumb"},"inLanguage":"fr-BE","potentialAction":[{"@type":"ReadAction","target":["https:\/\/www.antilopevan.be\/fr\/partagez-vos-voyages\/"]}]},{"@type":"BreadcrumbList","@id":"https:\/\/www.antilopevan.be\/fr\/partagez-vos-voyages\/#breadcrumb","itemListElement":[{"@type":"ListItem","position":1,"name":"Accueil","item":"https:\/\/www.antilopevan.be\/fr\/"},{"@type":"ListItem","position":2,"name":"Partagez vos voyages"}]},{"@type":"WebSite","@id":"https:\/\/www.antilopevan.be\/fr\/#website","url":"https:\/\/www.antilopevan.be\/fr\/","name":"Antilope VAN","description":"Le Van Breton 100% uitgerust","publisher":{"@id":"https:\/\/www.antilopevan.be\/fr\/#organization"},"potentialAction":[{"@type":"SearchAction","target":{"@type":"EntryPoint","urlTemplate":"https:\/\/www.antilopevan.be\/fr\/?s={search_term_string}"},"query-input":{"@type":"PropertyValueSpecification","valueRequired":true,"valueName":"search_term_string"}}],"inLanguage":"fr-BE"},{"@type":"Organization","@id":"https:\/\/www.antilopevan.be\/fr\/#organization","name":"Antilope VAN","url":"https:\/\/www.antilopevan.be\/fr\/","logo":{"@type":"ImageObject","inLanguage":"fr-BE","@id":"https:\/\/www.antilopevan.be\/fr\/#\/schema\/logo\/image\/","url":"https:\/\/www.preprod.antilopevan.be\/wp-content\/uploads\/2025\/04\/logo-antilope-van-BE.svg","contentUrl":"https:\/\/www.preprod.antilopevan.be\/wp-content\/uploads\/2025\/04\/logo-antilope-van-BE.svg","width":749,"height":219,"caption":"Antilope VAN"},"image":{"@id":"https:\/\/www.antilopevan.be\/fr\/#\/schema\/logo\/image\/"}}]}},"_links":{"self":[{"href":"https:\/\/www.antilopevan.be\/fr\/wp-json\/wp\/v2\/pages\/3268","targetHints":{"allow":["GET"]}}],"collection":[{"href":"https:\/\/www.antilopevan.be\/fr\/wp-json\/wp\/v2\/pages"}],"about":[{"href":"https:\/\/www.antilopevan.be\/fr\/wp-json\/wp\/v2\/types\/page"}],"author":[{"embeddable":true,"href":"https:\/\/www.antilopevan.be\/fr\/wp-json\/wp\/v2\/users\/2"}],"replies":[{"embeddable":true,"href":"https:\/\/www.antilopevan.be\/fr\/wp-json\/wp\/v2\/comments?post=3268"}],"version-history":[{"count":25,"href":"https:\/\/www.antilopevan.be\/fr\/wp-json\/wp\/v2\/pages\/3268\/revisions"}],"predecessor-version":[{"id":3813,"href":"https:\/\/www.antilopevan.be\/fr\/wp-json\/wp\/v2\/pages\/3268\/revisions\/3813"}],"wp:attachment":[{"href":"https:\/\/www.antilopevan.be\/fr\/wp-json\/wp\/v2\/media?parent=3268"}],"curies":[{"name":"wp","href":"https:\/\/api.w.org\/{rel}","templated":true}]}}