{"id":2650,"date":"2025-04-10T08:48:17","date_gmt":"2025-04-10T08:48:17","guid":{"rendered":"https:\/\/www.preprod.antilopevan.be\/?page_id=2650"},"modified":"2025-06-10T11:54:58","modified_gmt":"2025-06-10T11:54:58","slug":"notre-actualite","status":"publish","type":"page","link":"https:\/\/www.antilopevan.be\/fr\/notre-actualite\/","title":{"rendered":"Notre actualit\u00e9"},"content":{"rendered":"\t\t<div data-elementor-type=\"wp-page\" data-elementor-id=\"2650\" class=\"elementor elementor-2650 elementor-173\" data-elementor-post-type=\"page\">\n\t\t\t\t<div class=\"elementor-element elementor-element-8c00db8 e-flex e-con-boxed e-con e-parent\" data-id=\"8c00db8\" data-element_type=\"container\">\n\t\t\t\t\t<div class=\"e-con-inner\">\n\t\t\t\t<div class=\"elementor-element elementor-element-2eb4acd elementor-widget elementor-widget-breadcrumbs\" data-id=\"2eb4acd\" data-element_type=\"widget\" data-widget_type=\"breadcrumbs.default\">\n\t\t\t\t<div class=\"elementor-widget-container\">\n\t\t\t\t\t<p id=\"breadcrumbs\"><span><span><a href=\"https:\/\/www.antilopevan.be\/fr\/\">Accueil<\/a><\/span><\/span><\/p>\t\t\t\t<\/div>\n\t\t\t\t<\/div>\n\t\t\t\t\t<\/div>\n\t\t\t\t<\/div>\n\t\t<div class=\"elementor-element elementor-element-4f755ca e-flex e-con-boxed e-con e-parent\" data-id=\"4f755ca\" data-element_type=\"container\">\n\t\t\t\t\t<div class=\"e-con-inner\">\n\t\t\t\t<div class=\"elementor-element elementor-element-6c63aa2 elementor-widget elementor-widget-heading\" data-id=\"6c63aa2\" data-element_type=\"widget\" data-widget_type=\"heading.default\">\n\t\t\t\t<div class=\"elementor-widget-container\">\n\t\t\t\t\t<h1 class=\"elementor-heading-title elementor-size-default\">Notre actualit\u00e9<\/h1>\t\t\t\t<\/div>\n\t\t\t\t<\/div>\n\t\t\t\t<div class=\"elementor-element elementor-element-b2c0e12 elementor-widget-divider--view-line elementor-widget elementor-widget-divider\" data-id=\"b2c0e12\" data-element_type=\"widget\" data-widget_type=\"divider.default\">\n\t\t\t\t<div class=\"elementor-widget-container\">\n\t\t\t\t\t\t\t<div class=\"elementor-divider\">\n\t\t\t<span class=\"elementor-divider-separator\">\n\t\t\t\t\t\t<\/span>\n\t\t<\/div>\n\t\t\t\t\t\t<\/div>\n\t\t\t\t<\/div>\n\t\t\t\t<div class=\"elementor-element elementor-element-fb5a904 elementor-widget elementor-widget-text-editor\" data-id=\"fb5a904\" data-element_type=\"widget\" data-widget_type=\"text-editor.default\">\n\t\t\t\t<div class=\"elementor-widget-container\">\n\t\t\t\t\t\t\t\t\t<p style=\"text-align: center;\">Restez connect\u00e9 \u00e0 l\u2019actualit\u00e9 Antilope VAN et d\u00e9couvrez les nouveaut\u00e9s du r\u00e9seau !<\/p>\t\t\t\t\t\t\t\t<\/div>\n\t\t\t\t<\/div>\n\t\t\t\t\t<\/div>\n\t\t\t\t<\/div>\n\t\t<div class=\"elementor-element elementor-element-c20d200 e-flex e-con-boxed e-con e-parent\" data-id=\"c20d200\" data-element_type=\"container\">\n\t\t\t\t\t<div class=\"e-con-inner\">\n\t\t\t\t\t<\/div>\n\t\t\t\t<\/div>\n\t\t<div class=\"elementor-element elementor-element-8548f3c e-flex e-con-boxed e-con e-parent\" data-id=\"8548f3c\" data-element_type=\"container\" data-settings=\"{&quot;background_background&quot;:&quot;classic&quot;}\">\n\t\t\t\t\t<div class=\"e-con-inner\">\n\t\t\t\t<div class=\"elementor-element elementor-element-bebe932 elementor-widget elementor-widget-template\" data-id=\"bebe932\" data-element_type=\"widget\" data-widget_type=\"template.default\">\n\t\t\t\t<div class=\"elementor-widget-container\">\n\t\t\t\t\t\t\t<div class=\"elementor-template\">\n\t\t\t\t\t<div data-elementor-type=\"container\" data-elementor-id=\"2260\" class=\"elementor elementor-2260 elementor-296\" data-elementor-post-type=\"elementor_library\">\n\t\t\t\t<div class=\"elementor-element elementor-element-37404377 e-con-full e-flex e-con e-child\" data-id=\"37404377\" data-element_type=\"container\">\n\t\t<div class=\"elementor-element elementor-element-7a65db0d e-con-full e-flex e-con e-child\" data-id=\"7a65db0d\" data-element_type=\"container\" data-settings=\"{&quot;background_background&quot;:&quot;classic&quot;}\">\n\t\t\t\t<div class=\"elementor-element elementor-element-65683f0b elementor-hidden-mobile elementor-widget elementor-widget-spacer\" data-id=\"65683f0b\" data-element_type=\"widget\" data-widget_type=\"spacer.default\">\n\t\t\t\t<div class=\"elementor-widget-container\">\n\t\t\t\t\t\t\t<div class=\"elementor-spacer\">\n\t\t\t<div class=\"elementor-spacer-inner\"><\/div>\n\t\t<\/div>\n\t\t\t\t\t\t<\/div>\n\t\t\t\t<\/div>\n\t\t\t\t<div class=\"elementor-element elementor-element-62d53764 elementor-widget elementor-widget-heading\" data-id=\"62d53764\" data-element_type=\"widget\" data-widget_type=\"heading.default\">\n\t\t\t\t<div class=\"elementor-widget-container\">\n\t\t\t\t\t<p class=\"elementor-heading-title elementor-size-default\">VOUS AVEZ UNE QUESTION ?<br>\nNotre service commercial est \u00e0 votre disposition !<\/p>\t\t\t\t<\/div>\n\t\t\t\t<\/div>\n\t\t\t\t<div class=\"elementor-element elementor-element-348bc0c elementor-widget elementor-widget-spacer\" data-id=\"348bc0c\" data-element_type=\"widget\" data-widget_type=\"spacer.default\">\n\t\t\t\t<div class=\"elementor-widget-container\">\n\t\t\t\t\t\t\t<div class=\"elementor-spacer\">\n\t\t\t<div class=\"elementor-spacer-inner\"><\/div>\n\t\t<\/div>\n\t\t\t\t\t\t<\/div>\n\t\t\t\t<\/div>\n\t\t<div class=\"elementor-element elementor-element-4d928ac7 e-con-full e-flex e-con e-child\" data-id=\"4d928ac7\" data-element_type=\"container\">\n\t\t<div class=\"elementor-element elementor-element-22256bff e-con-full e-flex e-con e-child\" data-id=\"22256bff\" data-element_type=\"container\">\n\t\t\t\t<div class=\"elementor-element elementor-element-b58d730 elementor-align-right elementor-mobile-align-center elementor-widget elementor-widget-button\" data-id=\"b58d730\" data-element_type=\"widget\" data-widget_type=\"button.default\">\n\t\t\t\t<div class=\"elementor-widget-container\">\n\t\t\t\t\t\t\t\t\t<div class=\"elementor-button-wrapper\">\n\t\t\t\t\t<a class=\"elementor-button elementor-button-link elementor-size-sm\" href=\"https:\/\/www.antilopevan.be\/fr\/contactez-nous\/\">\n\t\t\t\t\t\t<span class=\"elementor-button-content-wrapper\">\n\t\t\t\t\t\t<span class=\"elementor-button-icon\">\n\t\t\t\t<svg aria-hidden=\"true\" class=\"e-font-icon-svg e-fas-envelope\" viewBox=\"0 0 512 512\" xmlns=\"http:\/\/www.w3.org\/2000\/svg\"><path d=\"M502.3 190.8c3.9-3.1 9.7-.2 9.7 4.7V400c0 26.5-21.5 48-48 48H48c-26.5 0-48-21.5-48-48V195.6c0-5 5.7-7.8 9.7-4.7 22.4 17.4 52.1 39.5 154.1 113.6 21.1 15.4 56.7 47.8 92.2 47.6 35.7.3 72-32.8 92.3-47.6 102-74.1 131.6-96.3 154-113.7zM256 320c23.2.4 56.6-29.2 73.4-41.4 132.7-96.3 142.8-104.7 173.4-128.7 5.8-4.5 9.2-11.5 9.2-18.9v-19c0-26.5-21.5-48-48-48H48C21.5 64 0 85.5 0 112v19c0 7.4 3.4 14.3 9.2 18.9 30.6 23.9 40.7 32.4 173.4 128.7 16.8 12.2 50.2 41.8 73.4 41.4z\"><\/path><\/svg>\t\t\t<\/span>\n\t\t\t\t\t\t\t\t\t<span class=\"elementor-button-text\">Nous contacter<\/span>\n\t\t\t\t\t<\/span>\n\t\t\t\t\t<\/a>\n\t\t\t\t<\/div>\n\t\t\t\t\t\t\t\t<\/div>\n\t\t\t\t<\/div>\n\t\t\t\t<\/div>\n\t\t<div class=\"elementor-element elementor-element-3c70490 e-con-full e-flex e-con e-child\" data-id=\"3c70490\" data-element_type=\"container\">\n\t\t\t\t<div class=\"elementor-element elementor-element-5fd7dff3 elementor-align-left elementor-mobile-align-center elementor-widget elementor-widget-button\" data-id=\"5fd7dff3\" data-element_type=\"widget\" data-widget_type=\"button.default\">\n\t\t\t\t<div class=\"elementor-widget-container\">\n\t\t\t\t\t\t\t\t\t<div class=\"elementor-button-wrapper\">\n\t\t\t\t\t<a class=\"elementor-button elementor-button-link elementor-size-sm\" href=\"tel:034494072\" id=\"footer\">\n\t\t\t\t\t\t<span class=\"elementor-button-content-wrapper\">\n\t\t\t\t\t\t<span class=\"elementor-button-icon\">\n\t\t\t\t<svg aria-hidden=\"true\" class=\"e-font-icon-svg e-fas-phone-alt\" viewBox=\"0 0 512 512\" xmlns=\"http:\/\/www.w3.org\/2000\/svg\"><path d=\"M497.39 361.8l-112-48a24 24 0 0 0-28 6.9l-49.6 60.6A370.66 370.66 0 0 1 130.6 204.11l60.6-49.6a23.94 23.94 0 0 0 6.9-28l-48-112A24.16 24.16 0 0 0 122.6.61l-104 24A24 24 0 0 0 0 48c0 256.5 207.9 464 464 464a24 24 0 0 0 23.4-18.6l24-104a24.29 24.29 0 0 0-14.01-27.6z\"><\/path><\/svg>\t\t\t<\/span>\n\t\t\t\t\t\t\t\t\t<span class=\"elementor-button-text\">03 449 40 72<\/span>\n\t\t\t\t\t<\/span>\n\t\t\t\t\t<\/a>\n\t\t\t\t<\/div>\n\t\t\t\t\t\t\t\t<\/div>\n\t\t\t\t<\/div>\n\t\t\t\t<\/div>\n\t\t\t\t<\/div>\n\t\t\t\t<div class=\"elementor-element elementor-element-4fdc6e61 elementor-hidden-mobile elementor-widget elementor-widget-spacer\" data-id=\"4fdc6e61\" data-element_type=\"widget\" data-widget_type=\"spacer.default\">\n\t\t\t\t<div class=\"elementor-widget-container\">\n\t\t\t\t\t\t\t<div class=\"elementor-spacer\">\n\t\t\t<div class=\"elementor-spacer-inner\"><\/div>\n\t\t<\/div>\n\t\t\t\t\t\t<\/div>\n\t\t\t\t<\/div>\n\t\t\t\t<\/div>\n\t\t\t\t<\/div>\n\t\t\t\t<\/div>\n\t\t\t\t<\/div>\n\t\t\t\t\t\t<\/div>\n\t\t\t\t<\/div>\n\t\t\t\t\t<\/div>\n\t\t\t\t<\/div>\n\t\t\t\t<\/div>\n\t\t","protected":false},"excerpt":{"rendered":"<p>Notre actualit\u00e9 Restez connect\u00e9 \u00e0 l\u2019actualit\u00e9 Antilope VAN et d\u00e9couvrez les nouveaut\u00e9s du r\u00e9seau !<\/p>\n","protected":false},"author":2,"featured_media":0,"parent":0,"menu_order":0,"comment_status":"closed","ping_status":"closed","template":"","meta":{"_glsr_average":0,"_glsr_ranking":0,"_glsr_reviews":0,"footnotes":""},"class_list":["post-2650","page","type-page","status-publish","hentry"],"yoast_head":"<!-- This site is optimized with the Yoast SEO plugin v26.3 - https:\/\/yoast.com\/wordpress\/plugins\/seo\/ -->\n<title>Notre Actualit\u00e9 | Antilope VAN<\/title>\n<meta name=\"description\" content=\"D\u00e9couvrez les actualit\u00e9s d&#039;Antilope VAN : les nouveaux mod\u00e8les, les informations du r\u00e9seau, et toutes les nouveaut\u00e9s en termes de services.\" \/>\n<meta name=\"robots\" content=\"index, follow, max-snippet:-1, max-image-preview:large, max-video-preview:-1\" \/>\n<link rel=\"canonical\" href=\"https:\/\/www.antilopevan.be\/fr\/notre-actualite\/\" \/>\n<meta property=\"og:locale\" content=\"fr_FR\" \/>\n<meta property=\"og:type\" content=\"article\" \/>\n<meta property=\"og:title\" content=\"Notre Actualit\u00e9 | Antilope VAN\" \/>\n<meta property=\"og:description\" content=\"D\u00e9couvrez les actualit\u00e9s d&#039;Antilope VAN : les nouveaux mod\u00e8les, les informations du r\u00e9seau, et toutes les nouveaut\u00e9s en termes de services.\" \/>\n<meta property=\"og:url\" content=\"https:\/\/www.antilopevan.be\/fr\/notre-actualite\/\" \/>\n<meta property=\"og:site_name\" content=\"Antilope VAN\" \/>\n<meta property=\"article:modified_time\" content=\"2025-06-10T11:54:58+00:00\" \/>\n<meta name=\"twitter:card\" content=\"summary_large_image\" \/>\n<meta name=\"twitter:label1\" content=\"Dur\u00e9e de lecture est.\" \/>\n\t<meta name=\"twitter:data1\" content=\"1 minute\" \/>\n<script type=\"application\/ld+json\" class=\"yoast-schema-graph\">{\"@context\":\"https:\/\/schema.org\",\"@graph\":[{\"@type\":\"WebPage\",\"@id\":\"https:\/\/www.antilopevan.be\/fr\/notre-actualite\/\",\"url\":\"https:\/\/www.antilopevan.be\/fr\/notre-actualite\/\",\"name\":\"Notre Actualit\u00e9 | Antilope VAN\",\"isPartOf\":{\"@id\":\"https:\/\/www.antilopevan.be\/fr\/#website\"},\"datePublished\":\"2025-04-10T08:48:17+00:00\",\"dateModified\":\"2025-06-10T11:54:58+00:00\",\"description\":\"D\u00e9couvrez les actualit\u00e9s d'Antilope VAN : les nouveaux mod\u00e8les, les informations du r\u00e9seau, et toutes les nouveaut\u00e9s en termes de services.\",\"breadcrumb\":{\"@id\":\"https:\/\/www.antilopevan.be\/fr\/notre-actualite\/#breadcrumb\"},\"inLanguage\":\"fr-BE\",\"potentialAction\":[{\"@type\":\"ReadAction\",\"target\":[\"https:\/\/www.antilopevan.be\/fr\/notre-actualite\/\"]}]},{\"@type\":\"BreadcrumbList\",\"@id\":\"https:\/\/www.antilopevan.be\/fr\/notre-actualite\/#breadcrumb\",\"itemListElement\":[{\"@type\":\"ListItem\",\"position\":1,\"name\":\"Accueil\",\"item\":\"https:\/\/www.antilopevan.be\/fr\/\"},{\"@type\":\"ListItem\",\"position\":2,\"name\":\"Notre actualit\u00e9\"}]},{\"@type\":\"WebSite\",\"@id\":\"https:\/\/www.antilopevan.be\/fr\/#website\",\"url\":\"https:\/\/www.antilopevan.be\/fr\/\",\"name\":\"Antilope VAN\",\"description\":\"Le Van Breton 100% uitgerust\",\"publisher\":{\"@id\":\"https:\/\/www.antilopevan.be\/fr\/#organization\"},\"potentialAction\":[{\"@type\":\"SearchAction\",\"target\":{\"@type\":\"EntryPoint\",\"urlTemplate\":\"https:\/\/www.antilopevan.be\/fr\/?s={search_term_string}\"},\"query-input\":{\"@type\":\"PropertyValueSpecification\",\"valueRequired\":true,\"valueName\":\"search_term_string\"}}],\"inLanguage\":\"fr-BE\"},{\"@type\":\"Organization\",\"@id\":\"https:\/\/www.antilopevan.be\/fr\/#organization\",\"name\":\"Antilope VAN\",\"url\":\"https:\/\/www.antilopevan.be\/fr\/\",\"logo\":{\"@type\":\"ImageObject\",\"inLanguage\":\"fr-BE\",\"@id\":\"https:\/\/www.antilopevan.be\/fr\/#\/schema\/logo\/image\/\",\"url\":\"https:\/\/www.preprod.antilopevan.be\/wp-content\/uploads\/2025\/04\/logo-antilope-van-BE.svg\",\"contentUrl\":\"https:\/\/www.preprod.antilopevan.be\/wp-content\/uploads\/2025\/04\/logo-antilope-van-BE.svg\",\"width\":749,\"height\":219,\"caption\":\"Antilope VAN\"},\"image\":{\"@id\":\"https:\/\/www.antilopevan.be\/fr\/#\/schema\/logo\/image\/\"}}]}<\/script>\n<!-- \/ Yoast SEO plugin. -->","yoast_head_json":{"title":"Notre Actualit\u00e9 | Antilope VAN","description":"D\u00e9couvrez les actualit\u00e9s d'Antilope VAN : les nouveaux mod\u00e8les, les informations du r\u00e9seau, et toutes les nouveaut\u00e9s en termes de services.","robots":{"index":"index","follow":"follow","max-snippet":"max-snippet:-1","max-image-preview":"max-image-preview:large","max-video-preview":"max-video-preview:-1"},"canonical":"https:\/\/www.antilopevan.be\/fr\/notre-actualite\/","og_locale":"fr_FR","og_type":"article","og_title":"Notre Actualit\u00e9 | Antilope VAN","og_description":"D\u00e9couvrez les actualit\u00e9s d'Antilope VAN : les nouveaux mod\u00e8les, les informations du r\u00e9seau, et toutes les nouveaut\u00e9s en termes de services.","og_url":"https:\/\/www.antilopevan.be\/fr\/notre-actualite\/","og_site_name":"Antilope VAN","article_modified_time":"2025-06-10T11:54:58+00:00","twitter_card":"summary_large_image","twitter_misc":{"Dur\u00e9e de lecture est.":"1 minute"},"schema":{"@context":"https:\/\/schema.org","@graph":[{"@type":"WebPage","@id":"https:\/\/www.antilopevan.be\/fr\/notre-actualite\/","url":"https:\/\/www.antilopevan.be\/fr\/notre-actualite\/","name":"Notre Actualit\u00e9 | Antilope VAN","isPartOf":{"@id":"https:\/\/www.antilopevan.be\/fr\/#website"},"datePublished":"2025-04-10T08:48:17+00:00","dateModified":"2025-06-10T11:54:58+00:00","description":"D\u00e9couvrez les actualit\u00e9s d'Antilope VAN : les nouveaux mod\u00e8les, les informations du r\u00e9seau, et toutes les nouveaut\u00e9s en termes de services.","breadcrumb":{"@id":"https:\/\/www.antilopevan.be\/fr\/notre-actualite\/#breadcrumb"},"inLanguage":"fr-BE","potentialAction":[{"@type":"ReadAction","target":["https:\/\/www.antilopevan.be\/fr\/notre-actualite\/"]}]},{"@type":"BreadcrumbList","@id":"https:\/\/www.antilopevan.be\/fr\/notre-actualite\/#breadcrumb","itemListElement":[{"@type":"ListItem","position":1,"name":"Accueil","item":"https:\/\/www.antilopevan.be\/fr\/"},{"@type":"ListItem","position":2,"name":"Notre actualit\u00e9"}]},{"@type":"WebSite","@id":"https:\/\/www.antilopevan.be\/fr\/#website","url":"https:\/\/www.antilopevan.be\/fr\/","name":"Antilope VAN","description":"Le Van Breton 100% uitgerust","publisher":{"@id":"https:\/\/www.antilopevan.be\/fr\/#organization"},"potentialAction":[{"@type":"SearchAction","target":{"@type":"EntryPoint","urlTemplate":"https:\/\/www.antilopevan.be\/fr\/?s={search_term_string}"},"query-input":{"@type":"PropertyValueSpecification","valueRequired":true,"valueName":"search_term_string"}}],"inLanguage":"fr-BE"},{"@type":"Organization","@id":"https:\/\/www.antilopevan.be\/fr\/#organization","name":"Antilope VAN","url":"https:\/\/www.antilopevan.be\/fr\/","logo":{"@type":"ImageObject","inLanguage":"fr-BE","@id":"https:\/\/www.antilopevan.be\/fr\/#\/schema\/logo\/image\/","url":"https:\/\/www.preprod.antilopevan.be\/wp-content\/uploads\/2025\/04\/logo-antilope-van-BE.svg","contentUrl":"https:\/\/www.preprod.antilopevan.be\/wp-content\/uploads\/2025\/04\/logo-antilope-van-BE.svg","width":749,"height":219,"caption":"Antilope VAN"},"image":{"@id":"https:\/\/www.antilopevan.be\/fr\/#\/schema\/logo\/image\/"}}]}},"_links":{"self":[{"href":"https:\/\/www.antilopevan.be\/fr\/wp-json\/wp\/v2\/pages\/2650","targetHints":{"allow":["GET"]}}],"collection":[{"href":"https:\/\/www.antilopevan.be\/fr\/wp-json\/wp\/v2\/pages"}],"about":[{"href":"https:\/\/www.antilopevan.be\/fr\/wp-json\/wp\/v2\/types\/page"}],"author":[{"embeddable":true,"href":"https:\/\/www.antilopevan.be\/fr\/wp-json\/wp\/v2\/users\/2"}],"replies":[{"embeddable":true,"href":"https:\/\/www.antilopevan.be\/fr\/wp-json\/wp\/v2\/comments?post=2650"}],"version-history":[{"count":4,"href":"https:\/\/www.antilopevan.be\/fr\/wp-json\/wp\/v2\/pages\/2650\/revisions"}],"predecessor-version":[{"id":2654,"href":"https:\/\/www.antilopevan.be\/fr\/wp-json\/wp\/v2\/pages\/2650\/revisions\/2654"}],"wp:attachment":[{"href":"https:\/\/www.antilopevan.be\/fr\/wp-json\/wp\/v2\/media?parent=2650"}],"curies":[{"name":"wp","href":"https:\/\/api.w.org\/{rel}","templated":true}]}}