{"id":2644,"date":"2025-04-10T08:48:50","date_gmt":"2025-04-10T08:48:50","guid":{"rendered":"https:\/\/www.preprod.antilopevan.be\/?page_id=2644"},"modified":"2025-05-27T12:44:20","modified_gmt":"2025-05-27T12:44:20","slug":"la-presse-parle-de-nous","status":"publish","type":"page","link":"https:\/\/www.antilopevan.be\/fr\/notre-actualite\/la-presse-parle-de-nous\/","title":{"rendered":"La presse parle de nous"},"content":{"rendered":"\t\t<div data-elementor-type=\"wp-page\" data-elementor-id=\"2644\" class=\"elementor elementor-2644 elementor-175\" data-elementor-post-type=\"page\">\n\t\t\t\t<div class=\"elementor-element elementor-element-70956e5 e-flex e-con-boxed e-con e-parent\" data-id=\"70956e5\" data-element_type=\"container\">\n\t\t\t\t\t<div class=\"e-con-inner\">\n\t\t\t\t<div class=\"elementor-element elementor-element-863ca9b elementor-widget elementor-widget-breadcrumbs\" data-id=\"863ca9b\" data-element_type=\"widget\" data-widget_type=\"breadcrumbs.default\">\n\t\t\t\t<div class=\"elementor-widget-container\">\n\t\t\t\t\t<p id=\"breadcrumbs\"><span><span><a href=\"https:\/\/www.antilopevan.be\/fr\/\">Accueil<\/a><\/span><\/span><\/p>\t\t\t\t<\/div>\n\t\t\t\t<\/div>\n\t\t\t\t\t<\/div>\n\t\t\t\t<\/div>\n\t\t<div class=\"elementor-element elementor-element-d43ad0c e-flex e-con-boxed e-con e-parent\" data-id=\"d43ad0c\" data-element_type=\"container\">\n\t\t\t\t\t<div class=\"e-con-inner\">\n\t\t\t\t<div class=\"elementor-element elementor-element-065ab9c elementor-widget elementor-widget-heading\" data-id=\"065ab9c\" data-element_type=\"widget\" data-widget_type=\"heading.default\">\n\t\t\t\t<div class=\"elementor-widget-container\">\n\t\t\t\t\t<h1 class=\"elementor-heading-title elementor-size-default\">La presse parle de nous<\/h1>\t\t\t\t<\/div>\n\t\t\t\t<\/div>\n\t\t\t\t<div class=\"elementor-element elementor-element-d9f1e21 elementor-widget-divider--view-line elementor-widget elementor-widget-divider\" data-id=\"d9f1e21\" data-element_type=\"widget\" data-widget_type=\"divider.default\">\n\t\t\t\t<div class=\"elementor-widget-container\">\n\t\t\t\t\t\t\t<div class=\"elementor-divider\">\n\t\t\t<span class=\"elementor-divider-separator\">\n\t\t\t\t\t\t<\/span>\n\t\t<\/div>\n\t\t\t\t\t\t<\/div>\n\t\t\t\t<\/div>\n\t\t\t\t<div class=\"elementor-element elementor-element-a7b5b8f elementor-widget elementor-widget-text-editor\" data-id=\"a7b5b8f\" data-element_type=\"widget\" data-widget_type=\"text-editor.default\">\n\t\t\t\t<div class=\"elementor-widget-container\">\n\t\t\t\t\t\t\t\t\t<p style=\"text-align: center;\">Nous sommes fiers de partager avec vous nos retomb\u00e9es media.<\/p>\t\t\t\t\t\t\t\t<\/div>\n\t\t\t\t<\/div>\n\t\t\t\t\t<\/div>\n\t\t\t\t<\/div>\n\t\t<div class=\"elementor-element elementor-element-1cf4257 e-flex e-con-boxed e-con e-parent\" data-id=\"1cf4257\" data-element_type=\"container\">\n\t\t\t\t\t<div class=\"e-con-inner\">\n\t\t\t\t\t<\/div>\n\t\t\t\t<\/div>\n\t\t<div class=\"elementor-element elementor-element-d95b9a8 e-flex e-con-boxed e-con e-parent\" data-id=\"d95b9a8\" data-element_type=\"container\" data-settings=\"{&quot;background_background&quot;:&quot;classic&quot;}\">\n\t\t\t\t\t<div class=\"e-con-inner\">\n\t\t\t\t<div class=\"elementor-element elementor-element-7032638 elementor-widget elementor-widget-template\" data-id=\"7032638\" data-element_type=\"widget\" data-widget_type=\"template.default\">\n\t\t\t\t<div class=\"elementor-widget-container\">\n\t\t\t\t\t\t\t<div class=\"elementor-template\">\n\t\t\t\t\t<div data-elementor-type=\"container\" data-elementor-id=\"2260\" class=\"elementor elementor-2260 elementor-296\" data-elementor-post-type=\"elementor_library\">\n\t\t\t\t<div class=\"elementor-element elementor-element-37404377 e-con-full e-flex e-con e-child\" data-id=\"37404377\" data-element_type=\"container\">\n\t\t<div class=\"elementor-element elementor-element-7a65db0d e-con-full e-flex e-con e-child\" data-id=\"7a65db0d\" data-element_type=\"container\" data-settings=\"{&quot;background_background&quot;:&quot;classic&quot;}\">\n\t\t\t\t<div class=\"elementor-element elementor-element-65683f0b elementor-hidden-mobile elementor-widget elementor-widget-spacer\" data-id=\"65683f0b\" data-element_type=\"widget\" data-widget_type=\"spacer.default\">\n\t\t\t\t<div class=\"elementor-widget-container\">\n\t\t\t\t\t\t\t<div class=\"elementor-spacer\">\n\t\t\t<div class=\"elementor-spacer-inner\"><\/div>\n\t\t<\/div>\n\t\t\t\t\t\t<\/div>\n\t\t\t\t<\/div>\n\t\t\t\t<div class=\"elementor-element elementor-element-62d53764 elementor-widget elementor-widget-heading\" data-id=\"62d53764\" data-element_type=\"widget\" data-widget_type=\"heading.default\">\n\t\t\t\t<div class=\"elementor-widget-container\">\n\t\t\t\t\t<p class=\"elementor-heading-title elementor-size-default\">VOUS AVEZ UNE QUESTION ?<br>\nNotre service commercial est \u00e0 votre disposition !<\/p>\t\t\t\t<\/div>\n\t\t\t\t<\/div>\n\t\t\t\t<div class=\"elementor-element elementor-element-348bc0c elementor-widget elementor-widget-spacer\" data-id=\"348bc0c\" data-element_type=\"widget\" data-widget_type=\"spacer.default\">\n\t\t\t\t<div class=\"elementor-widget-container\">\n\t\t\t\t\t\t\t<div class=\"elementor-spacer\">\n\t\t\t<div class=\"elementor-spacer-inner\"><\/div>\n\t\t<\/div>\n\t\t\t\t\t\t<\/div>\n\t\t\t\t<\/div>\n\t\t<div class=\"elementor-element elementor-element-4d928ac7 e-con-full e-flex e-con e-child\" data-id=\"4d928ac7\" data-element_type=\"container\">\n\t\t<div class=\"elementor-element elementor-element-22256bff e-con-full e-flex e-con e-child\" data-id=\"22256bff\" data-element_type=\"container\">\n\t\t\t\t<div class=\"elementor-element elementor-element-b58d730 elementor-align-right elementor-mobile-align-center elementor-widget elementor-widget-button\" data-id=\"b58d730\" data-element_type=\"widget\" data-widget_type=\"button.default\">\n\t\t\t\t<div class=\"elementor-widget-container\">\n\t\t\t\t\t\t\t\t\t<div class=\"elementor-button-wrapper\">\n\t\t\t\t\t<a class=\"elementor-button elementor-button-link elementor-size-sm\" href=\"https:\/\/www.antilopevan.be\/fr\/contactez-nous\/\">\n\t\t\t\t\t\t<span class=\"elementor-button-content-wrapper\">\n\t\t\t\t\t\t<span class=\"elementor-button-icon\">\n\t\t\t\t<svg aria-hidden=\"true\" class=\"e-font-icon-svg e-fas-envelope\" viewBox=\"0 0 512 512\" xmlns=\"http:\/\/www.w3.org\/2000\/svg\"><path d=\"M502.3 190.8c3.9-3.1 9.7-.2 9.7 4.7V400c0 26.5-21.5 48-48 48H48c-26.5 0-48-21.5-48-48V195.6c0-5 5.7-7.8 9.7-4.7 22.4 17.4 52.1 39.5 154.1 113.6 21.1 15.4 56.7 47.8 92.2 47.6 35.7.3 72-32.8 92.3-47.6 102-74.1 131.6-96.3 154-113.7zM256 320c23.2.4 56.6-29.2 73.4-41.4 132.7-96.3 142.8-104.7 173.4-128.7 5.8-4.5 9.2-11.5 9.2-18.9v-19c0-26.5-21.5-48-48-48H48C21.5 64 0 85.5 0 112v19c0 7.4 3.4 14.3 9.2 18.9 30.6 23.9 40.7 32.4 173.4 128.7 16.8 12.2 50.2 41.8 73.4 41.4z\"><\/path><\/svg>\t\t\t<\/span>\n\t\t\t\t\t\t\t\t\t<span class=\"elementor-button-text\">Nous contacter<\/span>\n\t\t\t\t\t<\/span>\n\t\t\t\t\t<\/a>\n\t\t\t\t<\/div>\n\t\t\t\t\t\t\t\t<\/div>\n\t\t\t\t<\/div>\n\t\t\t\t<\/div>\n\t\t<div class=\"elementor-element elementor-element-3c70490 e-con-full e-flex e-con e-child\" data-id=\"3c70490\" data-element_type=\"container\">\n\t\t\t\t<div class=\"elementor-element elementor-element-5fd7dff3 elementor-align-left elementor-mobile-align-center elementor-widget elementor-widget-button\" data-id=\"5fd7dff3\" data-element_type=\"widget\" data-widget_type=\"button.default\">\n\t\t\t\t<div class=\"elementor-widget-container\">\n\t\t\t\t\t\t\t\t\t<div class=\"elementor-button-wrapper\">\n\t\t\t\t\t<a class=\"elementor-button elementor-button-link elementor-size-sm\" href=\"tel:034494072\" id=\"footer\">\n\t\t\t\t\t\t<span class=\"elementor-button-content-wrapper\">\n\t\t\t\t\t\t<span class=\"elementor-button-icon\">\n\t\t\t\t<svg aria-hidden=\"true\" class=\"e-font-icon-svg e-fas-phone-alt\" viewBox=\"0 0 512 512\" xmlns=\"http:\/\/www.w3.org\/2000\/svg\"><path d=\"M497.39 361.8l-112-48a24 24 0 0 0-28 6.9l-49.6 60.6A370.66 370.66 0 0 1 130.6 204.11l60.6-49.6a23.94 23.94 0 0 0 6.9-28l-48-112A24.16 24.16 0 0 0 122.6.61l-104 24A24 24 0 0 0 0 48c0 256.5 207.9 464 464 464a24 24 0 0 0 23.4-18.6l24-104a24.29 24.29 0 0 0-14.01-27.6z\"><\/path><\/svg>\t\t\t<\/span>\n\t\t\t\t\t\t\t\t\t<span class=\"elementor-button-text\">03 449 40 72<\/span>\n\t\t\t\t\t<\/span>\n\t\t\t\t\t<\/a>\n\t\t\t\t<\/div>\n\t\t\t\t\t\t\t\t<\/div>\n\t\t\t\t<\/div>\n\t\t\t\t<\/div>\n\t\t\t\t<\/div>\n\t\t\t\t<div class=\"elementor-element elementor-element-4fdc6e61 elementor-hidden-mobile elementor-widget elementor-widget-spacer\" data-id=\"4fdc6e61\" data-element_type=\"widget\" data-widget_type=\"spacer.default\">\n\t\t\t\t<div class=\"elementor-widget-container\">\n\t\t\t\t\t\t\t<div class=\"elementor-spacer\">\n\t\t\t<div class=\"elementor-spacer-inner\"><\/div>\n\t\t<\/div>\n\t\t\t\t\t\t<\/div>\n\t\t\t\t<\/div>\n\t\t\t\t<\/div>\n\t\t\t\t<\/div>\n\t\t\t\t<\/div>\n\t\t\t\t<\/div>\n\t\t\t\t\t\t<\/div>\n\t\t\t\t<\/div>\n\t\t\t\t\t<\/div>\n\t\t\t\t<\/div>\n\t\t\t\t<\/div>\n\t\t","protected":false},"excerpt":{"rendered":"<p>La presse parle de nous Nous sommes fiers de partager avec vous nos retomb\u00e9es media.<\/p>\n","protected":false},"author":2,"featured_media":0,"parent":2650,"menu_order":0,"comment_status":"closed","ping_status":"closed","template":"","meta":{"_glsr_average":0,"_glsr_ranking":0,"_glsr_reviews":0,"footnotes":""},"class_list":["post-2644","page","type-page","status-publish","hentry"],"yoast_head":"<!-- This site is optimized with the Yoast SEO plugin v26.3 - https:\/\/yoast.com\/wordpress\/plugins\/seo\/ -->\n<title>La Presse Parle de Nous | Antilope VAN<\/title>\n<meta name=\"description\" content=\"Ils parlent de nous ! Retrouvez l&#039;ensemble des articles d\u00e9di\u00e9s \u00e0 Antilope VAN.\" \/>\n<meta name=\"robots\" content=\"index, follow, max-snippet:-1, max-image-preview:large, max-video-preview:-1\" \/>\n<link rel=\"canonical\" href=\"https:\/\/www.antilopevan.be\/fr\/notre-actualite\/la-presse-parle-de-nous\/\" \/>\n<meta property=\"og:locale\" content=\"fr_FR\" \/>\n<meta property=\"og:type\" content=\"article\" \/>\n<meta property=\"og:title\" content=\"La Presse Parle de Nous | Antilope VAN\" \/>\n<meta property=\"og:description\" content=\"Ils parlent de nous ! Retrouvez l&#039;ensemble des articles d\u00e9di\u00e9s \u00e0 Antilope VAN.\" \/>\n<meta property=\"og:url\" content=\"https:\/\/www.antilopevan.be\/fr\/notre-actualite\/la-presse-parle-de-nous\/\" \/>\n<meta property=\"og:site_name\" content=\"Antilope VAN\" \/>\n<meta property=\"article:modified_time\" content=\"2025-05-27T12:44:20+00:00\" \/>\n<meta name=\"twitter:card\" content=\"summary_large_image\" \/>\n<meta name=\"twitter:label1\" content=\"Dur\u00e9e de lecture est.\" \/>\n\t<meta name=\"twitter:data1\" content=\"7 minutes\" \/>\n<script type=\"application\/ld+json\" class=\"yoast-schema-graph\">{\"@context\":\"https:\/\/schema.org\",\"@graph\":[{\"@type\":\"WebPage\",\"@id\":\"https:\/\/www.antilopevan.be\/fr\/notre-actualite\/la-presse-parle-de-nous\/\",\"url\":\"https:\/\/www.antilopevan.be\/fr\/notre-actualite\/la-presse-parle-de-nous\/\",\"name\":\"La Presse Parle de Nous | Antilope VAN\",\"isPartOf\":{\"@id\":\"https:\/\/www.antilopevan.be\/fr\/#website\"},\"datePublished\":\"2025-04-10T08:48:50+00:00\",\"dateModified\":\"2025-05-27T12:44:20+00:00\",\"description\":\"Ils parlent de nous ! Retrouvez l'ensemble des articles d\u00e9di\u00e9s \u00e0 Antilope VAN.\",\"breadcrumb\":{\"@id\":\"https:\/\/www.antilopevan.be\/fr\/notre-actualite\/la-presse-parle-de-nous\/#breadcrumb\"},\"inLanguage\":\"fr-BE\",\"potentialAction\":[{\"@type\":\"ReadAction\",\"target\":[\"https:\/\/www.antilopevan.be\/fr\/notre-actualite\/la-presse-parle-de-nous\/\"]}]},{\"@type\":\"BreadcrumbList\",\"@id\":\"https:\/\/www.antilopevan.be\/fr\/notre-actualite\/la-presse-parle-de-nous\/#breadcrumb\",\"itemListElement\":[{\"@type\":\"ListItem\",\"position\":1,\"name\":\"Accueil\",\"item\":\"https:\/\/www.antilopevan.be\/fr\/\"},{\"@type\":\"ListItem\",\"position\":2,\"name\":\"Notre actualit\u00e9\",\"item\":\"https:\/\/www.antilopevan.be\/fr\/notre-actualite\/\"},{\"@type\":\"ListItem\",\"position\":3,\"name\":\"La presse parle de nous\"}]},{\"@type\":\"WebSite\",\"@id\":\"https:\/\/www.antilopevan.be\/fr\/#website\",\"url\":\"https:\/\/www.antilopevan.be\/fr\/\",\"name\":\"Antilope VAN\",\"description\":\"Le Van Breton 100% uitgerust\",\"publisher\":{\"@id\":\"https:\/\/www.antilopevan.be\/fr\/#organization\"},\"potentialAction\":[{\"@type\":\"SearchAction\",\"target\":{\"@type\":\"EntryPoint\",\"urlTemplate\":\"https:\/\/www.antilopevan.be\/fr\/?s={search_term_string}\"},\"query-input\":{\"@type\":\"PropertyValueSpecification\",\"valueRequired\":true,\"valueName\":\"search_term_string\"}}],\"inLanguage\":\"fr-BE\"},{\"@type\":\"Organization\",\"@id\":\"https:\/\/www.antilopevan.be\/fr\/#organization\",\"name\":\"Antilope VAN\",\"url\":\"https:\/\/www.antilopevan.be\/fr\/\",\"logo\":{\"@type\":\"ImageObject\",\"inLanguage\":\"fr-BE\",\"@id\":\"https:\/\/www.antilopevan.be\/fr\/#\/schema\/logo\/image\/\",\"url\":\"https:\/\/www.preprod.antilopevan.be\/wp-content\/uploads\/2025\/04\/logo-antilope-van-BE.svg\",\"contentUrl\":\"https:\/\/www.preprod.antilopevan.be\/wp-content\/uploads\/2025\/04\/logo-antilope-van-BE.svg\",\"width\":749,\"height\":219,\"caption\":\"Antilope VAN\"},\"image\":{\"@id\":\"https:\/\/www.antilopevan.be\/fr\/#\/schema\/logo\/image\/\"}}]}<\/script>\n<!-- \/ Yoast SEO plugin. -->","yoast_head_json":{"title":"La Presse Parle de Nous | Antilope VAN","description":"Ils parlent de nous ! Retrouvez l'ensemble des articles d\u00e9di\u00e9s \u00e0 Antilope VAN.","robots":{"index":"index","follow":"follow","max-snippet":"max-snippet:-1","max-image-preview":"max-image-preview:large","max-video-preview":"max-video-preview:-1"},"canonical":"https:\/\/www.antilopevan.be\/fr\/notre-actualite\/la-presse-parle-de-nous\/","og_locale":"fr_FR","og_type":"article","og_title":"La Presse Parle de Nous | Antilope VAN","og_description":"Ils parlent de nous ! Retrouvez l'ensemble des articles d\u00e9di\u00e9s \u00e0 Antilope VAN.","og_url":"https:\/\/www.antilopevan.be\/fr\/notre-actualite\/la-presse-parle-de-nous\/","og_site_name":"Antilope VAN","article_modified_time":"2025-05-27T12:44:20+00:00","twitter_card":"summary_large_image","twitter_misc":{"Dur\u00e9e de lecture est.":"7 minutes"},"schema":{"@context":"https:\/\/schema.org","@graph":[{"@type":"WebPage","@id":"https:\/\/www.antilopevan.be\/fr\/notre-actualite\/la-presse-parle-de-nous\/","url":"https:\/\/www.antilopevan.be\/fr\/notre-actualite\/la-presse-parle-de-nous\/","name":"La Presse Parle de Nous | Antilope VAN","isPartOf":{"@id":"https:\/\/www.antilopevan.be\/fr\/#website"},"datePublished":"2025-04-10T08:48:50+00:00","dateModified":"2025-05-27T12:44:20+00:00","description":"Ils parlent de nous ! Retrouvez l'ensemble des articles d\u00e9di\u00e9s \u00e0 Antilope VAN.","breadcrumb":{"@id":"https:\/\/www.antilopevan.be\/fr\/notre-actualite\/la-presse-parle-de-nous\/#breadcrumb"},"inLanguage":"fr-BE","potentialAction":[{"@type":"ReadAction","target":["https:\/\/www.antilopevan.be\/fr\/notre-actualite\/la-presse-parle-de-nous\/"]}]},{"@type":"BreadcrumbList","@id":"https:\/\/www.antilopevan.be\/fr\/notre-actualite\/la-presse-parle-de-nous\/#breadcrumb","itemListElement":[{"@type":"ListItem","position":1,"name":"Accueil","item":"https:\/\/www.antilopevan.be\/fr\/"},{"@type":"ListItem","position":2,"name":"Notre actualit\u00e9","item":"https:\/\/www.antilopevan.be\/fr\/notre-actualite\/"},{"@type":"ListItem","position":3,"name":"La presse parle de nous"}]},{"@type":"WebSite","@id":"https:\/\/www.antilopevan.be\/fr\/#website","url":"https:\/\/www.antilopevan.be\/fr\/","name":"Antilope VAN","description":"Le Van Breton 100% uitgerust","publisher":{"@id":"https:\/\/www.antilopevan.be\/fr\/#organization"},"potentialAction":[{"@type":"SearchAction","target":{"@type":"EntryPoint","urlTemplate":"https:\/\/www.antilopevan.be\/fr\/?s={search_term_string}"},"query-input":{"@type":"PropertyValueSpecification","valueRequired":true,"valueName":"search_term_string"}}],"inLanguage":"fr-BE"},{"@type":"Organization","@id":"https:\/\/www.antilopevan.be\/fr\/#organization","name":"Antilope VAN","url":"https:\/\/www.antilopevan.be\/fr\/","logo":{"@type":"ImageObject","inLanguage":"fr-BE","@id":"https:\/\/www.antilopevan.be\/fr\/#\/schema\/logo\/image\/","url":"https:\/\/www.preprod.antilopevan.be\/wp-content\/uploads\/2025\/04\/logo-antilope-van-BE.svg","contentUrl":"https:\/\/www.preprod.antilopevan.be\/wp-content\/uploads\/2025\/04\/logo-antilope-van-BE.svg","width":749,"height":219,"caption":"Antilope VAN"},"image":{"@id":"https:\/\/www.antilopevan.be\/fr\/#\/schema\/logo\/image\/"}}]}},"_links":{"self":[{"href":"https:\/\/www.antilopevan.be\/fr\/wp-json\/wp\/v2\/pages\/2644","targetHints":{"allow":["GET"]}}],"collection":[{"href":"https:\/\/www.antilopevan.be\/fr\/wp-json\/wp\/v2\/pages"}],"about":[{"href":"https:\/\/www.antilopevan.be\/fr\/wp-json\/wp\/v2\/types\/page"}],"author":[{"embeddable":true,"href":"https:\/\/www.antilopevan.be\/fr\/wp-json\/wp\/v2\/users\/2"}],"replies":[{"embeddable":true,"href":"https:\/\/www.antilopevan.be\/fr\/wp-json\/wp\/v2\/comments?post=2644"}],"version-history":[{"count":13,"href":"https:\/\/www.antilopevan.be\/fr\/wp-json\/wp\/v2\/pages\/2644\/revisions"}],"predecessor-version":[{"id":2806,"href":"https:\/\/www.antilopevan.be\/fr\/wp-json\/wp\/v2\/pages\/2644\/revisions\/2806"}],"up":[{"embeddable":true,"href":"https:\/\/www.antilopevan.be\/fr\/wp-json\/wp\/v2\/pages\/2650"}],"wp:attachment":[{"href":"https:\/\/www.antilopevan.be\/fr\/wp-json\/wp\/v2\/media?parent=2644"}],"curies":[{"name":"wp","href":"https:\/\/api.w.org\/{rel}","templated":true}]}}