{"id":2343,"date":"2025-04-10T08:46:09","date_gmt":"2025-04-10T08:46:09","guid":{"rendered":"https:\/\/www.preprod.antilopevan.be\/?page_id=2343"},"modified":"2025-05-27T07:17:27","modified_gmt":"2025-05-27T07:17:27","slug":"distributeurs","status":"publish","type":"page","link":"https:\/\/www.antilopevan.be\/fr\/distributeurs\/","title":{"rendered":"R\u00e9seau distributeurs"},"content":{"rendered":"\t\t<div data-elementor-type=\"wp-page\" data-elementor-id=\"2343\" class=\"elementor elementor-2343 elementor-163\" data-elementor-post-type=\"page\">\n\t\t\t\t<div class=\"elementor-element elementor-element-31c34c0 e-flex e-con-boxed e-con e-parent\" data-id=\"31c34c0\" data-element_type=\"container\">\n\t\t\t\t\t<div class=\"e-con-inner\">\n\t\t\t\t<div class=\"elementor-element elementor-element-ad66042 elementor-widget elementor-widget-breadcrumbs\" data-id=\"ad66042\" data-element_type=\"widget\" data-widget_type=\"breadcrumbs.default\">\n\t\t\t\t<div class=\"elementor-widget-container\">\n\t\t\t\t\t<p id=\"breadcrumbs\"><span><span><a href=\"https:\/\/www.antilopevan.be\/fr\/\">Accueil<\/a><\/span><\/span><\/p>\t\t\t\t<\/div>\n\t\t\t\t<\/div>\n\t\t\t\t\t<\/div>\n\t\t\t\t<\/div>\n\t\t<div class=\"elementor-element elementor-element-5f9ab6c e-flex e-con-boxed e-con e-parent\" data-id=\"5f9ab6c\" data-element_type=\"container\">\n\t\t\t\t\t<div class=\"e-con-inner\">\n\t\t\t\t<div class=\"elementor-element elementor-element-bddb33d elementor-widget elementor-widget-heading\" data-id=\"bddb33d\" data-element_type=\"widget\" data-widget_type=\"heading.default\">\n\t\t\t\t<div class=\"elementor-widget-container\">\n\t\t\t\t\t<h1 class=\"elementor-heading-title elementor-size-default\">Less distributeurs Antilope VAN<\/h1>\t\t\t\t<\/div>\n\t\t\t\t<\/div>\n\t\t\t\t<div class=\"elementor-element elementor-element-e142da0 elementor-widget-divider--view-line elementor-widget elementor-widget-divider\" data-id=\"e142da0\" data-element_type=\"widget\" data-widget_type=\"divider.default\">\n\t\t\t\t<div class=\"elementor-widget-container\">\n\t\t\t\t\t\t\t<div class=\"elementor-divider\">\n\t\t\t<span class=\"elementor-divider-separator\">\n\t\t\t\t\t\t<\/span>\n\t\t<\/div>\n\t\t\t\t\t\t<\/div>\n\t\t\t\t<\/div>\n\t\t\t\t<div class=\"elementor-element elementor-element-6d51fa6 elementor-widget elementor-widget-text-editor\" data-id=\"6d51fa6\" data-element_type=\"widget\" data-widget_type=\"text-editor.default\">\n\t\t\t\t<div class=\"elementor-widget-container\">\n\t\t\t\t\t\t\t\t\t<p style=\"text-align: center;\">Trouvez <strong>le distributeur Antilope VAN<\/strong> le plus proche de chez vous.<\/p>\t\t\t\t\t\t\t\t<\/div>\n\t\t\t\t<\/div>\n\t\t\t\t\t<\/div>\n\t\t\t\t<\/div>\n\t\t<div class=\"elementor-element elementor-element-c374e4d e-flex e-con-boxed e-con e-parent\" data-id=\"c374e4d\" data-element_type=\"container\">\n\t\t\t\t\t<div class=\"e-con-inner\">\n\t\t\t\t<div class=\"elementor-element elementor-element-9e34329 elementor-widget elementor-widget-text-editor\" data-id=\"9e34329\" data-element_type=\"widget\" data-widget_type=\"text-editor.default\">\n\t\t\t\t<div class=\"elementor-widget-container\">\n\t\t\t\t\t\t\t\t\t<div id=\"distributeurs-map\"><iframe src=\"https:\/\/www.google.com\/maps\/d\/u\/0\/embed?mid=1gdma1LrMdsQs-5oB9JAOXcK7SWXlgkYb&amp;amp%3Bll=50.44416297049676%2C6.2797623035691155&amp;amp%3Bz=7&amp;ll=51.27055434840233%2C4.114255253554745&amp;z=7\" width=\"640\" height=\"680\"><\/iframe><\/div>\t\t\t\t\t\t\t\t<\/div>\n\t\t\t\t<\/div>\n\t\t\t\t\t<\/div>\n\t\t\t\t<\/div>\n\t\t<div class=\"elementor-element elementor-element-1790255 e-con-full e-flex e-con e-parent\" data-id=\"1790255\" data-element_type=\"container\">\n\t\t\t\t<div class=\"elementor-element elementor-element-5618ba4 elementor-align-center elementor-mobile-align-center elementor-widget elementor-widget-button\" data-id=\"5618ba4\" data-element_type=\"widget\" data-widget_type=\"button.default\">\n\t\t\t\t<div class=\"elementor-widget-container\">\n\t\t\t\t\t\t\t\t\t<div class=\"elementor-button-wrapper\">\n\t\t\t\t\t<a class=\"elementor-button elementor-button-link elementor-size-md\" href=\"https:\/\/www.antilopevan.be\/fr\/vans-amenages\/\">\n\t\t\t\t\t\t<span class=\"elementor-button-content-wrapper\">\n\t\t\t\t\t\t\t\t\t<span class=\"elementor-button-text\">D\u00e9couvrir nos vans am\u00e9nag\u00e9s<\/span>\n\t\t\t\t\t<\/span>\n\t\t\t\t\t<\/a>\n\t\t\t\t<\/div>\n\t\t\t\t\t\t\t\t<\/div>\n\t\t\t\t<\/div>\n\t\t\t\t<\/div>\n\t\t<div class=\"elementor-element elementor-element-2e8e752 e-con-full e-flex e-con e-parent\" data-id=\"2e8e752\" data-element_type=\"container\">\n\t\t\t\t<div class=\"elementor-element elementor-element-483375e elementor-widget elementor-widget-spacer\" data-id=\"483375e\" data-element_type=\"widget\" data-widget_type=\"spacer.default\">\n\t\t\t\t<div class=\"elementor-widget-container\">\n\t\t\t\t\t\t\t<div class=\"elementor-spacer\">\n\t\t\t<div class=\"elementor-spacer-inner\"><\/div>\n\t\t<\/div>\n\t\t\t\t\t\t<\/div>\n\t\t\t\t<\/div>\n\t\t\t\t<\/div>\n\t\t\t\t<\/div>\n\t\t","protected":false},"excerpt":{"rendered":"<p>Less distributeurs Antilope VAN Trouvez le distributeur Antilope VAN le plus proche de chez vous. D\u00e9couvrir nos vans am\u00e9nag\u00e9s<\/p>\n","protected":false},"author":2,"featured_media":0,"parent":0,"menu_order":0,"comment_status":"closed","ping_status":"closed","template":"","meta":{"_glsr_average":0,"_glsr_ranking":0,"_glsr_reviews":0,"footnotes":""},"class_list":["post-2343","page","type-page","status-publish","hentry"],"yoast_head":"<!-- This site is optimized with the Yoast SEO plugin v26.3 - https:\/\/yoast.com\/wordpress\/plugins\/seo\/ -->\n<title>Trouvez le Distributeur le plus Proche de chez Vous | Antilope VAN<\/title>\n<meta name=\"description\" content=\"Trouvez le distributeur Antilope VAN le plus proche de chez vous l \u2713 Un r\u00e9seau de 40 agences partout en France.\" \/>\n<meta name=\"robots\" content=\"index, follow, max-snippet:-1, max-image-preview:large, max-video-preview:-1\" \/>\n<link rel=\"canonical\" href=\"https:\/\/www.antilopevan.be\/fr\/distributeurs\/\" \/>\n<meta property=\"og:locale\" content=\"fr_FR\" \/>\n<meta property=\"og:type\" content=\"article\" \/>\n<meta property=\"og:title\" content=\"Trouvez le Distributeur le plus Proche de chez Vous | Antilope VAN\" \/>\n<meta property=\"og:description\" content=\"Trouvez le distributeur Antilope VAN le plus proche de chez vous l \u2713 Un r\u00e9seau de 40 agences partout en France.\" \/>\n<meta property=\"og:url\" content=\"https:\/\/www.antilopevan.be\/fr\/distributeurs\/\" \/>\n<meta property=\"og:site_name\" content=\"Antilope VAN\" \/>\n<meta property=\"article:modified_time\" content=\"2025-05-27T07:17:27+00:00\" \/>\n<meta name=\"twitter:card\" content=\"summary_large_image\" \/>\n<meta name=\"twitter:label1\" content=\"Dur\u00e9e de lecture est.\" \/>\n\t<meta name=\"twitter:data1\" content=\"1 minute\" \/>\n<script type=\"application\/ld+json\" class=\"yoast-schema-graph\">{\"@context\":\"https:\/\/schema.org\",\"@graph\":[{\"@type\":\"WebPage\",\"@id\":\"https:\/\/www.antilopevan.be\/fr\/distributeurs\/\",\"url\":\"https:\/\/www.antilopevan.be\/fr\/distributeurs\/\",\"name\":\"Trouvez le Distributeur le plus Proche de chez Vous | Antilope VAN\",\"isPartOf\":{\"@id\":\"https:\/\/www.antilopevan.be\/fr\/#website\"},\"datePublished\":\"2025-04-10T08:46:09+00:00\",\"dateModified\":\"2025-05-27T07:17:27+00:00\",\"description\":\"Trouvez le distributeur Antilope VAN le plus proche de chez vous l \u2713 Un r\u00e9seau de 40 agences partout en France.\",\"breadcrumb\":{\"@id\":\"https:\/\/www.antilopevan.be\/fr\/distributeurs\/#breadcrumb\"},\"inLanguage\":\"fr-BE\",\"potentialAction\":[{\"@type\":\"ReadAction\",\"target\":[\"https:\/\/www.antilopevan.be\/fr\/distributeurs\/\"]}]},{\"@type\":\"BreadcrumbList\",\"@id\":\"https:\/\/www.antilopevan.be\/fr\/distributeurs\/#breadcrumb\",\"itemListElement\":[{\"@type\":\"ListItem\",\"position\":1,\"name\":\"Accueil\",\"item\":\"https:\/\/www.antilopevan.be\/fr\/\"},{\"@type\":\"ListItem\",\"position\":2,\"name\":\"R\u00e9seau distributeurs\"}]},{\"@type\":\"WebSite\",\"@id\":\"https:\/\/www.antilopevan.be\/fr\/#website\",\"url\":\"https:\/\/www.antilopevan.be\/fr\/\",\"name\":\"Antilope VAN\",\"description\":\"Le Van Breton 100% uitgerust\",\"publisher\":{\"@id\":\"https:\/\/www.antilopevan.be\/fr\/#organization\"},\"potentialAction\":[{\"@type\":\"SearchAction\",\"target\":{\"@type\":\"EntryPoint\",\"urlTemplate\":\"https:\/\/www.antilopevan.be\/fr\/?s={search_term_string}\"},\"query-input\":{\"@type\":\"PropertyValueSpecification\",\"valueRequired\":true,\"valueName\":\"search_term_string\"}}],\"inLanguage\":\"fr-BE\"},{\"@type\":\"Organization\",\"@id\":\"https:\/\/www.antilopevan.be\/fr\/#organization\",\"name\":\"Antilope VAN\",\"url\":\"https:\/\/www.antilopevan.be\/fr\/\",\"logo\":{\"@type\":\"ImageObject\",\"inLanguage\":\"fr-BE\",\"@id\":\"https:\/\/www.antilopevan.be\/fr\/#\/schema\/logo\/image\/\",\"url\":\"https:\/\/www.preprod.antilopevan.be\/wp-content\/uploads\/2025\/04\/logo-antilope-van-BE.svg\",\"contentUrl\":\"https:\/\/www.preprod.antilopevan.be\/wp-content\/uploads\/2025\/04\/logo-antilope-van-BE.svg\",\"width\":749,\"height\":219,\"caption\":\"Antilope VAN\"},\"image\":{\"@id\":\"https:\/\/www.antilopevan.be\/fr\/#\/schema\/logo\/image\/\"}}]}<\/script>\n<!-- \/ Yoast SEO plugin. -->","yoast_head_json":{"title":"Trouvez le Distributeur le plus Proche de chez Vous | Antilope VAN","description":"Trouvez le distributeur Antilope VAN le plus proche de chez vous l \u2713 Un r\u00e9seau de 40 agences partout en France.","robots":{"index":"index","follow":"follow","max-snippet":"max-snippet:-1","max-image-preview":"max-image-preview:large","max-video-preview":"max-video-preview:-1"},"canonical":"https:\/\/www.antilopevan.be\/fr\/distributeurs\/","og_locale":"fr_FR","og_type":"article","og_title":"Trouvez le Distributeur le plus Proche de chez Vous | Antilope VAN","og_description":"Trouvez le distributeur Antilope VAN le plus proche de chez vous l \u2713 Un r\u00e9seau de 40 agences partout en France.","og_url":"https:\/\/www.antilopevan.be\/fr\/distributeurs\/","og_site_name":"Antilope VAN","article_modified_time":"2025-05-27T07:17:27+00:00","twitter_card":"summary_large_image","twitter_misc":{"Dur\u00e9e de lecture est.":"1 minute"},"schema":{"@context":"https:\/\/schema.org","@graph":[{"@type":"WebPage","@id":"https:\/\/www.antilopevan.be\/fr\/distributeurs\/","url":"https:\/\/www.antilopevan.be\/fr\/distributeurs\/","name":"Trouvez le Distributeur le plus Proche de chez Vous | Antilope VAN","isPartOf":{"@id":"https:\/\/www.antilopevan.be\/fr\/#website"},"datePublished":"2025-04-10T08:46:09+00:00","dateModified":"2025-05-27T07:17:27+00:00","description":"Trouvez le distributeur Antilope VAN le plus proche de chez vous l \u2713 Un r\u00e9seau de 40 agences partout en France.","breadcrumb":{"@id":"https:\/\/www.antilopevan.be\/fr\/distributeurs\/#breadcrumb"},"inLanguage":"fr-BE","potentialAction":[{"@type":"ReadAction","target":["https:\/\/www.antilopevan.be\/fr\/distributeurs\/"]}]},{"@type":"BreadcrumbList","@id":"https:\/\/www.antilopevan.be\/fr\/distributeurs\/#breadcrumb","itemListElement":[{"@type":"ListItem","position":1,"name":"Accueil","item":"https:\/\/www.antilopevan.be\/fr\/"},{"@type":"ListItem","position":2,"name":"R\u00e9seau distributeurs"}]},{"@type":"WebSite","@id":"https:\/\/www.antilopevan.be\/fr\/#website","url":"https:\/\/www.antilopevan.be\/fr\/","name":"Antilope VAN","description":"Le Van Breton 100% uitgerust","publisher":{"@id":"https:\/\/www.antilopevan.be\/fr\/#organization"},"potentialAction":[{"@type":"SearchAction","target":{"@type":"EntryPoint","urlTemplate":"https:\/\/www.antilopevan.be\/fr\/?s={search_term_string}"},"query-input":{"@type":"PropertyValueSpecification","valueRequired":true,"valueName":"search_term_string"}}],"inLanguage":"fr-BE"},{"@type":"Organization","@id":"https:\/\/www.antilopevan.be\/fr\/#organization","name":"Antilope VAN","url":"https:\/\/www.antilopevan.be\/fr\/","logo":{"@type":"ImageObject","inLanguage":"fr-BE","@id":"https:\/\/www.antilopevan.be\/fr\/#\/schema\/logo\/image\/","url":"https:\/\/www.preprod.antilopevan.be\/wp-content\/uploads\/2025\/04\/logo-antilope-van-BE.svg","contentUrl":"https:\/\/www.preprod.antilopevan.be\/wp-content\/uploads\/2025\/04\/logo-antilope-van-BE.svg","width":749,"height":219,"caption":"Antilope VAN"},"image":{"@id":"https:\/\/www.antilopevan.be\/fr\/#\/schema\/logo\/image\/"}}]}},"_links":{"self":[{"href":"https:\/\/www.antilopevan.be\/fr\/wp-json\/wp\/v2\/pages\/2343","targetHints":{"allow":["GET"]}}],"collection":[{"href":"https:\/\/www.antilopevan.be\/fr\/wp-json\/wp\/v2\/pages"}],"about":[{"href":"https:\/\/www.antilopevan.be\/fr\/wp-json\/wp\/v2\/types\/page"}],"author":[{"embeddable":true,"href":"https:\/\/www.antilopevan.be\/fr\/wp-json\/wp\/v2\/users\/2"}],"replies":[{"embeddable":true,"href":"https:\/\/www.antilopevan.be\/fr\/wp-json\/wp\/v2\/comments?post=2343"}],"version-history":[{"count":4,"href":"https:\/\/www.antilopevan.be\/fr\/wp-json\/wp\/v2\/pages\/2343\/revisions"}],"predecessor-version":[{"id":2347,"href":"https:\/\/www.antilopevan.be\/fr\/wp-json\/wp\/v2\/pages\/2343\/revisions\/2347"}],"wp:attachment":[{"href":"https:\/\/www.antilopevan.be\/fr\/wp-json\/wp\/v2\/media?parent=2343"}],"curies":[{"name":"wp","href":"https:\/\/api.w.org\/{rel}","templated":true}]}}